{"id":47,"date":"2020-09-25T16:50:54","date_gmt":"2020-09-25T16:50:54","guid":{"rendered":"http:\/\/web337.116.hosttech.eu\/alpenprinzen\/site\/?page_id=47"},"modified":"2021-05-01T18:55:15","modified_gmt":"2021-05-01T16:55:15","slug":"herzlich-willkommen","status":"publish","type":"page","link":"https:\/\/alpenprinzen.ch\/","title":{"rendered":"Herzlich willkommen&#8230;"},"content":{"rendered":"\r\n<h2 class=\"wp-block-heading\">Herzlich willkommen&#8230;<\/h2>\r\n\r\n\r\n\r\n<p><strong>Die Alpenprinzen &#8211;<\/strong> Stefan und Steini, zusammen sind das jahrzehnte-lange Musik- und B\u00fchnenerfahrung, von der genau Sie an einem Ihrer Anl\u00e4sse profitieren werden. Ihre G\u00e4ste werden begeistert sein!<\/p>\r\n\r\n\r\n\r\n<p>Buchen Sie die Alpenprinzen noch heute f\u00fcr Ihren n\u00e4chsten Anlass.<\/p>\r\n\r\n\r\n\r\n<p><strong>Kontakt:<\/strong> <strong><a href=\"mailto:info@alpenprinzen.ch\">info(at)alpenprinzen.ch<\/a><\/strong><\/p>\r\n\r\n\r\n\r\n<div class=\"wp-block-image\">\r\n<figure class=\"aligncenter size-large\"><img loading=\"lazy\" decoding=\"async\" class=\"size-medium wp-image-630 aligncenter\" src=\"http:\/\/web337.116.hosttech.eu\/alpenprinzen\/site\/wp-content\/uploads\/2020\/10\/Fasnacht-001-300x171.jpg\" alt=\"\" width=\"300\" height=\"171\" srcset=\"https:\/\/alpenprinzen.ch\/wp-content\/uploads\/2020\/10\/Fasnacht-001-300x171.jpg 300w, https:\/\/alpenprinzen.ch\/wp-content\/uploads\/2020\/10\/Fasnacht-001-768x438.jpg 768w, https:\/\/alpenprinzen.ch\/wp-content\/uploads\/2020\/10\/Fasnacht-001.jpg 964w\" sizes=\"auto, (max-width: 300px) 100vw, 300px\" \/><\/figure>\r\n<\/div>\r\n\r\n\r\n\r\n<p>&nbsp;<\/p>\r\n","protected":false},"excerpt":{"rendered":"<p>Herzlich willkommen&#8230; Die Alpenprinzen &#8211; Stefan und Steini, zusammen sind das jahrzehnte-lange Musik- und B\u00fchnenerfahrung, von der genau Sie an einem Ihrer Anl\u00e4sse profitieren werden.<a href=\"https:\/\/alpenprinzen.ch\/\" class=\"more-link\">View More<\/a><\/p>\n","protected":false},"author":1,"featured_media":0,"parent":0,"menu_order":0,"comment_status":"closed","ping_status":"closed","template":"","meta":{"ngg_post_thumbnail":0,"footnotes":""},"class_list":["post-47","page","type-page","status-publish","hentry"],"_links":{"self":[{"href":"https:\/\/alpenprinzen.ch\/index.php?rest_route=\/wp\/v2\/pages\/47","targetHints":{"allow":["GET"]}}],"collection":[{"href":"https:\/\/alpenprinzen.ch\/index.php?rest_route=\/wp\/v2\/pages"}],"about":[{"href":"https:\/\/alpenprinzen.ch\/index.php?rest_route=\/wp\/v2\/types\/page"}],"author":[{"embeddable":true,"href":"https:\/\/alpenprinzen.ch\/index.php?rest_route=\/wp\/v2\/users\/1"}],"replies":[{"embeddable":true,"href":"https:\/\/alpenprinzen.ch\/index.php?rest_route=%2Fwp%2Fv2%2Fcomments&post=47"}],"version-history":[{"count":7,"href":"https:\/\/alpenprinzen.ch\/index.php?rest_route=\/wp\/v2\/pages\/47\/revisions"}],"predecessor-version":[{"id":629,"href":"https:\/\/alpenprinzen.ch\/index.php?rest_route=\/wp\/v2\/pages\/47\/revisions\/629"}],"wp:attachment":[{"href":"https:\/\/alpenprinzen.ch\/index.php?rest_route=%2Fwp%2Fv2%2Fmedia&parent=47"}],"curies":[{"name":"wp","href":"https:\/\/api.w.org\/{rel}","templated":true}]}}