{"id":39,"date":"2020-09-25T16:44:27","date_gmt":"2020-09-25T16:44:27","guid":{"rendered":"http:\/\/web337.116.hosttech.eu\/alpenprinzen\/site\/?page_id=39"},"modified":"2021-05-01T18:52:46","modified_gmt":"2021-05-01T16:52:46","slug":"das-sind-wir","status":"publish","type":"page","link":"https:\/\/alpenprinzen.ch\/?page_id=39","title":{"rendered":"Das sind wir"},"content":{"rendered":"\r\n<p><strong>Oskar Steinlechner (STEINI) aus \u00d6sterreich<\/strong><\/p>\r\n\r\n\r\n\r\n<p>STEINI wurde in K\u00e4rnten \u00d6sterreich geboren und verbrachte auch seine Jugendjahre dort. Mit 13 Jahren lernte er Gitarre zu spielen und trat sogleich seiner ersten Band bei. Als 19-j\u00e4hriger Berufsmusiker musizierte er in Kanada, Amerika und vielen anderen L\u00e4nder und konnte so seine sprachlichen und musikalischen Begabungen entfalten und vertiefen. Seit 1993 lebt STEINI als selbst\u00e4ndiger Musiker und Komponist in der Schweiz.<\/p>\r\n\r\n\r\n\r\n<p>Mit seinem breitgef\u00e4cherten Repertoir von rund 1000 Songs aus den Sparten Rock, Pop, Oldies, Volkst\u00fcmlicher Schlager, Schlager sowie mit aktuellen Hits aus den Charts, begeistert er das Publikum in jedem Alter und gestaltet damit f\u00fcr jegliche Anl\u00e4sse den passenden musikalischen Rahmen.<\/p>\r\n\r\n\r\n\r\n<p>Unverkennbar ist seine exclusive Elvis <a href=\"http:\/\/web337.116.hosttech.eu\/alpenprinzen\/site\/?page_id=43\" target=\"_blank\" rel=\"noopener noreferrer\">Presley-Show<\/a>, die Sie speziell auf Wunsch buchen k\u00f6nnen. STEINI ist der sogenannte \u201eKopf\u201c des Trios \u201eDie Alpenprinzen\u201c, tritt aber auch als Solomusiker oder im Duo mit seinem Freund Stefan Sigrist auf.<\/p>\r\n\r\n\r\n\r\n<div class=\"wp-block-image\">\r\n<figure class=\"aligncenter\">\r\n<figure id=\"attachment_76\" aria-describedby=\"caption-attachment-76\" style=\"width: 199px\" class=\"wp-caption aligncenter\"><img loading=\"lazy\" decoding=\"async\" class=\"wp-image-76 size-medium\" src=\"http:\/\/web337.116.hosttech.eu\/alpenprinzen\/site\/wp-content\/uploads\/2020\/09\/wir-steini-199x300.png\" alt=\"Steini \/ Gitarre, Keys, Gesang\" width=\"199\" height=\"300\" srcset=\"https:\/\/alpenprinzen.ch\/wp-content\/uploads\/2020\/09\/wir-steini-199x300.png 199w, https:\/\/alpenprinzen.ch\/wp-content\/uploads\/2020\/09\/wir-steini.png 233w\" sizes=\"auto, (max-width: 199px) 100vw, 199px\" \/><figcaption id=\"caption-attachment-76\" class=\"wp-caption-text\">Steini \/ Gitarre, Keys, Gesang<\/figcaption><\/figure>\r\n<\/figure>\r\n<\/div>\r\n\r\n\r\n\r\n<p><strong>Stefan Sigrist<\/strong><\/p>\r\n\r\n\r\n\r\n<p>Stefan erlernte bereits mit 10 Jahren, als Sch\u00fcler der Musikgesellschaft Detligen, das Spielen der Instrumente Bariton und Trompete. Nach und nach erg\u00e4nzte er seine instrumentalen Fertigkeiten auf dem Saxophon, Klarinette, Schlagzeug, Alphorn und dem Keyboard. Ein musikalisches Multitalent. Als 24-j\u00e4hriger Profimusiker wirkte er bei den \u201eMoosner Spitzbuen\u201c aus Ober\u00f6sterreich, sp\u00e4ter auch bei \u201eSeppel und seine Landsknechte\u201c und dem \u201eSwiss-Sound-Sextett\u201c mit.<\/p>\r\n\r\n\r\n\r\n<p>Speziell war seine Gr\u00fcndung des bekannten \u201eOrig. F\u00fcrstenland-Quintett\u2018s\u201c, mit welchem er 10 Jahre lang u.a. in der T\u00fcrkei, Japan und diversen anderen L\u00e4nder grosse Erfolge feiern durfte. Seit Februar 2012 spielt Stefan mit seinem Freund Mike bei \u201eDie Alpenprinzen\u201c. Zudem kann er auch als Solomusiker oder im Duo und unter \u201eStefan\u2019s Happy Sound\u201c gebucht werden.<\/p>\r\n\r\n\r\n\r\n<div class=\"wp-block-image\">\r\n<figure class=\"aligncenter\">\r\n<figure id=\"attachment_75\" aria-describedby=\"caption-attachment-75\" style=\"width: 199px\" class=\"wp-caption aligncenter\"><img loading=\"lazy\" decoding=\"async\" class=\"wp-image-75 size-medium\" src=\"http:\/\/web337.116.hosttech.eu\/alpenprinzen\/site\/wp-content\/uploads\/2020\/09\/wir-stefan-199x300.png\" alt=\"Stefan \/ Keys, Saxophon, Gesang\" width=\"199\" height=\"300\" srcset=\"https:\/\/alpenprinzen.ch\/wp-content\/uploads\/2020\/09\/wir-stefan-199x300.png 199w, https:\/\/alpenprinzen.ch\/wp-content\/uploads\/2020\/09\/wir-stefan.png 233w\" sizes=\"auto, (max-width: 199px) 100vw, 199px\" \/><figcaption id=\"caption-attachment-75\" class=\"wp-caption-text\">Stefan \/ Keys, Saxophon, Gesang<\/figcaption><\/figure>\r\n<\/figure>\r\n<\/div>\r\n\r\n\r\n","protected":false},"excerpt":{"rendered":"<p>Oskar Steinlechner (STEINI) aus \u00d6sterreich STEINI wurde in K\u00e4rnten \u00d6sterreich geboren und verbrachte auch seine Jugendjahre dort. Mit 13 Jahren lernte er Gitarre zu spielen<a href=\"https:\/\/alpenprinzen.ch\/?page_id=39\" class=\"more-link\">View More<\/a><\/p>\n","protected":false},"author":1,"featured_media":0,"parent":0,"menu_order":0,"comment_status":"closed","ping_status":"closed","template":"","meta":{"ngg_post_thumbnail":0,"footnotes":""},"class_list":["post-39","page","type-page","status-publish","hentry"],"_links":{"self":[{"href":"https:\/\/alpenprinzen.ch\/index.php?rest_route=\/wp\/v2\/pages\/39","targetHints":{"allow":["GET"]}}],"collection":[{"href":"https:\/\/alpenprinzen.ch\/index.php?rest_route=\/wp\/v2\/pages"}],"about":[{"href":"https:\/\/alpenprinzen.ch\/index.php?rest_route=\/wp\/v2\/types\/page"}],"author":[{"embeddable":true,"href":"https:\/\/alpenprinzen.ch\/index.php?rest_route=\/wp\/v2\/users\/1"}],"replies":[{"embeddable":true,"href":"https:\/\/alpenprinzen.ch\/index.php?rest_route=%2Fwp%2Fv2%2Fcomments&post=39"}],"version-history":[{"count":6,"href":"https:\/\/alpenprinzen.ch\/index.php?rest_route=\/wp\/v2\/pages\/39\/revisions"}],"predecessor-version":[{"id":1306,"href":"https:\/\/alpenprinzen.ch\/index.php?rest_route=\/wp\/v2\/pages\/39\/revisions\/1306"}],"wp:attachment":[{"href":"https:\/\/alpenprinzen.ch\/index.php?rest_route=%2Fwp%2Fv2%2Fmedia&parent=39"}],"curies":[{"name":"wp","href":"https:\/\/api.w.org\/{rel}","templated":true}]}}